{"id":4064,"date":"2023-12-05T18:43:47","date_gmt":"2023-12-05T17:43:47","guid":{"rendered":"https:\/\/rrstudio.pro\/rr-studio\/"},"modified":"2023-12-15T13:07:21","modified_gmt":"2023-12-15T12:07:21","slug":"rr-studio","status":"publish","type":"page","link":"https:\/\/rrstudio.pro\/fr\/rr-studio\/","title":{"rendered":"RR Studio"},"content":{"rendered":"\t\t<div data-elementor-type=\"wp-page\" data-elementor-id=\"4064\" class=\"elementor elementor-4064 elementor-56\" data-elementor-post-type=\"page\">\n\t\t\t\t<div class=\"elementor-element elementor-element-0129aed e-flex e-con-boxed e-con e-parent\" data-id=\"0129aed\" data-element_type=\"container\">\n\t\t\t\t\t<div class=\"e-con-inner\">\n\t\t<div class=\"elementor-element elementor-element-67a2657 e-flex e-con-boxed e-con e-child\" data-id=\"67a2657\" data-element_type=\"container\">\n\t\t\t\t\t<div class=\"e-con-inner\">\n\t\t<div class=\"elementor-element elementor-element-b47ac59 e-con-full e-flex e-con e-child\" data-id=\"b47ac59\" data-element_type=\"container\">\n\t\t\t\t<div class=\"elementor-element elementor-element-97c514c elementor-widget__width-inherit elementor-widget-tablet__width-inherit elementor-invisible elementor-widget elementor-widget-bauen-title\" data-id=\"97c514c\" data-element_type=\"widget\" data-settings=\"{&quot;_animation&quot;:&quot;fadeInUp&quot;}\" data-widget_type=\"bauen-title.default\">\n\t\t\t\t<div class=\"elementor-widget-container\">\n\t\t\t\t\t\t\t\n\t\t\t\n\t\t\t\t\t\t<h2 class=\"section-title text-left\">RR <span class=\"text-color-red\"> Studio <\/span>  <\/h2>\n\t\t\t\t\n\t\t\t\t\n        \n\t\t\t\n        \t\t\t\t<\/div>\n\t\t\t\t<\/div>\n\t\t\t\t<div class=\"elementor-element elementor-element-ac4f022 elementor-invisible elementor-widget elementor-widget-text-editor\" data-id=\"ac4f022\" data-element_type=\"widget\" data-settings=\"{&quot;_animation&quot;:&quot;fadeInUp&quot;,&quot;_animation_delay&quot;:200}\" data-widget_type=\"text-editor.default\">\n\t\t\t\t<div class=\"elementor-widget-container\">\n\t\t\t\t\t\t\t\t\t<p>Le bureau d&#8217;architecture RR STUDIO a \u00e9t\u00e9 fond\u00e9 en 1998 par l&#8217;architecte Roberto Rattaggi.<\/p>\n<p>L&#8217;entreprise est situ\u00e9e \u00e0 Leggiuno (VA) &#8211; Lac Majeur &#8211; Italie, et s&#8217;occupe de la construction de villas et d&#8217;autres projets r\u00e9sidentiels et commerciaux.<\/p><p><span style=\"font-family: unset; font-size: unset; font-weight: unset; display: inline !important;\">Plusieurs architectes collaborent au sein du cabinet, avec diff\u00e9rentes sp\u00e9cialisations, notamment la conception architecturale, la conception et l&#8217;architecture des jardins, la s\u00e9curit\u00e9 des chantiers de construction, la certification \u00e9nerg\u00e9tique des b\u00e2timents, le cadastre, etc.<\/span><\/p>\n<p>L&#8217;activit\u00e9 principale de l&#8217;entreprise est la conception architecturale.<\/p>\n<p>Le site pr\u00e9sente certaines des interventions les plus importantes de RR STUDIO, en mettant l&#8217;accent sur les productions les plus r\u00e9centes et les plus significatives.<\/p>\t\t\t\t\t\t\t\t<\/div>\n\t\t\t\t<\/div>\n\t\t\t\t<\/div>\n\t\t\t\t<div class=\"elementor-element elementor-element-2d39fe2 elementor-widget__width-initial elementor-widget-tablet__width-inherit elementor-widget elementor-widget-bauen-image\" data-id=\"2d39fe2\" data-element_type=\"widget\" data-widget_type=\"bauen-image.default\">\n\t\t\t\t<div class=\"elementor-widget-container\">\n\t\t\t\t\t\t\t\n\t\t\t\n\t\t\n\t\t\t<div class=\"about\">\n\t\t\t\t<div class=\"about-img\">\n\t\t\t\t\t\t\t\t\n\t\t\t\t\t<div class=\"img\"> <img decoding=\"async\" src=\"https:\/\/rrstudio.pro\/wp-content\/uploads\/2021\/10\/7.jpg\" class=\"img-fluid\" alt=\"\"> <\/div>\n\t\t\t\t\t\t\t\t\t\t\n\t\t\t\t\t\t\t\t\t\t<div class=\"about-img-2 about-buro\">Cabinet d'architectes<\/div>\n\t\t\t\t\t\t\t\t\t<\/div>\t\t\n\t\t\t<\/div>\t\n\n\t    \t\t\t\n\t\t\n\t\t\t\n        \t\t\t\t<\/div>\n\t\t\t\t<\/div>\n\t\t\t\t\t<\/div>\n\t\t\t\t<\/div>\n\t\t\t\t\t<\/div>\n\t\t\t\t<\/div>\n\t\t<div class=\"elementor-element elementor-element-4e46347 e-flex e-con-boxed e-con e-parent\" data-id=\"4e46347\" data-element_type=\"container\">\n\t\t\t\t\t<div class=\"e-con-inner\">\n\t\t<div class=\"elementor-element elementor-element-e7d2fd2 e-con-full e-flex e-con e-child\" data-id=\"e7d2fd2\" data-element_type=\"container\">\n\t\t\t\t<div class=\"elementor-element elementor-element-74a5af0 elementor-widget elementor-widget-bauen-title\" data-id=\"74a5af0\" data-element_type=\"widget\" data-widget_type=\"bauen-title.default\">\n\t\t\t\t<div class=\"elementor-widget-container\">\n\t\t\t\t\t\t\t\n\t\t\t\n\t\t\t\t\t\t<h2 class=\"section-title text-left\">L'<span class=\"text-color-red\"> \u00e9quipe<\/span><\/h2>\n\t\t\t\t\n\t\t\t\t\n        \n\t\t\t\n        \t\t\t\t<\/div>\n\t\t\t\t<\/div>\n\t\t<div class=\"elementor-element elementor-element-0bf6274 e-con-full e-flex e-con e-child\" data-id=\"0bf6274\" data-element_type=\"container\">\n\t\t<div class=\"elementor-element elementor-element-701cf5b e-flex e-con-boxed e-con e-child\" data-id=\"701cf5b\" data-element_type=\"container\">\n\t\t\t\t\t<div class=\"e-con-inner\">\n\t\t\t\t<div class=\"elementor-element elementor-element-74122c8 elementor-widget elementor-widget-bauen-team\" data-id=\"74122c8\" data-element_type=\"widget\" data-widget_type=\"bauen-team.default\">\n\t\t\t\t<div class=\"elementor-widget-container\">\n\t\t\t\t\t\n\t\t<div class=\"sec-team team\">\n\t\t    \t\n\t\t\t<div class=\"row bn-team-grid\">\n\t\t\t\t\t\t\t\t<div class=\"col-md-12 mb-40\">\n\t\t\t\t\t<div class=\"item\">\n\t\t\t\t\t\t\t\t\t\t\t\t<div class=\"img\"> <img decoding=\"async\" src=\"https:\/\/rrstudio.pro\/wp-content\/uploads\/2023\/12\/roberto-rattaggi.jpg\" class=\"img-fluid\" alt=\"roberto rattaggi\"> <\/div>\t\t\t\t\t\n\t\t\t\t\t\t\t\t\t\t\t\t<div class=\"info\">\n\t\t\t\t\t\t\t\t\t\t\t\t\t\t<h6>Architecte Roberto Rattaggi<\/h6>\t\t\t\t\t\n\t\t\t\t\t\t\t\t\n\t\t\t\t\t\t\t\t\t\t\t\t\t\t<p>Propri\u00e9taire<\/p>\n\t\t\t\t\t\t\t\t\t\t\t\t\t\t\t\t\t\t\t\t<\/div>\n\t\t\t\t\t<\/div>\n\t\t\t\t<\/div>\n\t\t\t\t\t\t\t<\/div>\t\t\t\t\n\t\t\t\t\t<\/div>\t\t\n\n        \t\t\t\t<\/div>\n\t\t\t\t<\/div>\n\t\t\t\t<div class=\"elementor-element elementor-element-af8b695 elementor-widget elementor-widget-text-editor\" data-id=\"af8b695\" data-element_type=\"widget\" data-widget_type=\"text-editor.default\">\n\t\t\t\t<div class=\"elementor-widget-container\">\n\t\t\t\t\t\t\t\t\t<p>Dipl\u00f4m\u00e9 de l&#8217;\u00e9cole polytechnique de Milan en 1994 Conception architecturale Restauration et r\u00e9novation Urbanisme Expert en protection de l&#8217;environnement Expert en coordination de la s\u00e9curit\u00e9 des chantiers Propri\u00e9taire de Studio RR depuis 1998<\/p>\n\t\t\t\t\t\t\t\t<\/div>\n\t\t\t\t<\/div>\n\t\t\t\t\t<\/div>\n\t\t\t\t<\/div>\n\t\t<div class=\"elementor-element elementor-element-1b49711 e-flex e-con-boxed e-con e-child\" data-id=\"1b49711\" data-element_type=\"container\">\n\t\t\t\t\t<div class=\"e-con-inner\">\n\t\t\t\t<div class=\"elementor-element elementor-element-1c0f807 elementor-widget elementor-widget-bauen-team\" data-id=\"1c0f807\" data-element_type=\"widget\" data-widget_type=\"bauen-team.default\">\n\t\t\t\t<div class=\"elementor-widget-container\">\n\t\t\t\t\t\n\t\t<div class=\"sec-team team\">\n\t\t    \t\n\t\t\t<div class=\"row bn-team-grid\">\n\t\t\t\t\t\t\t\t<div class=\"col-md-12 mb-40\">\n\t\t\t\t\t<div class=\"item\">\n\t\t\t\t\t\t\t\t\t\t\t\t<div class=\"img\"> <img decoding=\"async\" src=\"https:\/\/rrstudio.pro\/wp-content\/uploads\/2023\/12\/oscar-chiesa.jpg\" class=\"img-fluid\" alt=\"oscar chiesa\"> <\/div>\t\t\t\t\t\n\t\t\t\t\t\t\t\t\t\t\t\t<div class=\"info\">\n\t\t\t\t\t\t\t\t\t\t\t\t\t\t<h6>Architecte Oscar Chiesa<\/h6>\t\t\t\t\t\n\t\t\t\t\t\t\t\t\n\t\t\t\t\t\t\t\t\t\t\t\t\t\t<p>Contributeur<\/p>\n\t\t\t\t\t\t\t\t\t\t\t\t\t\t\t\t\t\t\t\t<\/div>\n\t\t\t\t\t<\/div>\n\t\t\t\t<\/div>\n\t\t\t\t\t\t\t<\/div>\t\t\t\t\n\t\t\t\t\t<\/div>\t\t\n\n        \t\t\t\t<\/div>\n\t\t\t\t<\/div>\n\t\t\t\t<div class=\"elementor-element elementor-element-a8bcc15 elementor-widget elementor-widget-text-editor\" data-id=\"a8bcc15\" data-element_type=\"widget\" data-widget_type=\"text-editor.default\">\n\t\t\t\t<div class=\"elementor-widget-container\">\n\t\t\t\t\t\t\t\t\t<p>Dipl\u00f4m\u00e9 de l&#8217;\u00e9cole polytechnique de Milan en 2008<br \/>Conception architecturale<br \/>Restauration et r\u00e9novation conservatrice<br \/>Expert en coordination de la s\u00e9curit\u00e9 des sites<\/p>\n\t\t\t\t\t\t\t\t<\/div>\n\t\t\t\t<\/div>\n\t\t\t\t\t<\/div>\n\t\t\t\t<\/div>\n\t\t<div class=\"elementor-element elementor-element-019e516 e-flex e-con-boxed e-con e-child\" data-id=\"019e516\" data-element_type=\"container\">\n\t\t\t\t\t<div class=\"e-con-inner\">\n\t\t\t\t<div class=\"elementor-element elementor-element-fdb9afc elementor-widget elementor-widget-bauen-team\" data-id=\"fdb9afc\" data-element_type=\"widget\" data-widget_type=\"bauen-team.default\">\n\t\t\t\t<div class=\"elementor-widget-container\">\n\t\t\t\t\t\n\t\t<div class=\"sec-team team\">\n\t\t    \t\n\t\t\t<div class=\"row bn-team-grid\">\n\t\t\t\t\t\t\t\t<div class=\"col-md-12 mb-40\">\n\t\t\t\t\t<div class=\"item\">\n\t\t\t\t\t\t\t\t\t\t\t\t<div class=\"img\"> <img decoding=\"async\" src=\"https:\/\/rrstudio.pro\/wp-content\/uploads\/2023\/12\/ilenia-contini.jpg\" class=\"img-fluid\" alt=\"ilenia contini\"> <\/div>\t\t\t\t\t\n\t\t\t\t\t\t\t\t\t\t\t\t<div class=\"info\">\n\t\t\t\t\t\t\t\t\t\t\t\t\t\t<h6>Architecte Ilenia Contini<\/h6>\t\t\t\t\t\n\t\t\t\t\t\t\t\t\n\t\t\t\t\t\t\t\t\t\t\t\t\t\t<p>Architecte<\/p>\n\t\t\t\t\t\t\t\t\t\t\t\t\t\t\t\t\t\t\t\t<\/div>\n\t\t\t\t\t<\/div>\n\t\t\t\t<\/div>\n\t\t\t\t\t\t\t<\/div>\t\t\t\t\n\t\t\t\t\t<\/div>\t\t\n\n        \t\t\t\t<\/div>\n\t\t\t\t<\/div>\n\t\t\t\t<div class=\"elementor-element elementor-element-930c6ed elementor-widget elementor-widget-text-editor\" data-id=\"930c6ed\" data-element_type=\"widget\" data-widget_type=\"text-editor.default\">\n\t\t\t\t<div class=\"elementor-widget-container\">\n\t\t\t\t\t\t\t\t\t<p>Dipl\u00f4m\u00e9 de l&#8217;\u00e9cole polytechnique de Milan en 2007<br \/>Conception architecturale<br \/>Restauration et r\u00e9novation conservatrice<br \/>Certificateur d&#8217;\u00e9nergie<br \/>Expert en conception et conservation de jardins<\/p>\n\t\t\t\t\t\t\t\t<\/div>\n\t\t\t\t<\/div>\n\t\t\t\t\t<\/div>\n\t\t\t\t<\/div>\n\t\t\t\t<\/div>\n\t\t\t\t<\/div>\n\t\t\t\t\t<\/div>\n\t\t\t\t<\/div>\n\t\t<div class=\"elementor-element elementor-element-200d017 e-con-full e-flex e-con e-parent\" data-id=\"200d017\" data-element_type=\"container\" data-settings=\"{&quot;background_background&quot;:&quot;classic&quot;}\">\n\t\t<div class=\"elementor-element elementor-element-c82fdb1 e-con-full e-flex e-con e-child\" data-id=\"c82fdb1\" data-element_type=\"container\">\n\t\t\t\t<\/div>\n\t\t\t\t<\/div>\n\t\t\t\t<\/div>\n\t\t","protected":false},"excerpt":{"rendered":"<p>RR Studio Le bureau d&#8217;architecture RR STUDIO a \u00e9t\u00e9 fond\u00e9 en 1998 par l&#8217;architecte Roberto Rattaggi. L&#8217;entreprise est situ\u00e9e \u00e0 Leggiuno (VA) &#8211; Lac Majeur &#8211; Italie, et s&#8217;occupe de la construction de villas et d&#8217;autres projets r\u00e9sidentiels et commerciaux. Plusieurs architectes collaborent au sein du cabinet, avec diff\u00e9rentes sp\u00e9cialisations, notamment la conception architecturale, la conception et l&#8217;architecture des jardins,&#8230;<\/p>\n","protected":false},"author":1,"featured_media":2810,"parent":0,"menu_order":1,"comment_status":"closed","ping_status":"closed","template":"","meta":{"_acf_changed":false,"_seopress_robots_primary_cat":"","_seopress_titles_title":"","_seopress_titles_desc":"","_seopress_robots_index":"","footnotes":"","_links_to":"","_links_to_target":""},"class_list":["post-4064","page","type-page","status-publish","has-post-thumbnail"],"acf":[],"_links":{"self":[{"href":"https:\/\/rrstudio.pro\/fr\/wp-json\/wp\/v2\/pages\/4064","targetHints":{"allow":["GET"]}}],"collection":[{"href":"https:\/\/rrstudio.pro\/fr\/wp-json\/wp\/v2\/pages"}],"about":[{"href":"https:\/\/rrstudio.pro\/fr\/wp-json\/wp\/v2\/types\/page"}],"author":[{"embeddable":true,"href":"https:\/\/rrstudio.pro\/fr\/wp-json\/wp\/v2\/users\/1"}],"replies":[{"embeddable":true,"href":"https:\/\/rrstudio.pro\/fr\/wp-json\/wp\/v2\/comments?post=4064"}],"version-history":[{"count":4,"href":"https:\/\/rrstudio.pro\/fr\/wp-json\/wp\/v2\/pages\/4064\/revisions"}],"predecessor-version":[{"id":4486,"href":"https:\/\/rrstudio.pro\/fr\/wp-json\/wp\/v2\/pages\/4064\/revisions\/4486"}],"wp:featuredmedia":[{"embeddable":true,"href":"https:\/\/rrstudio.pro\/fr\/wp-json\/wp\/v2\/media\/2810"}],"wp:attachment":[{"href":"https:\/\/rrstudio.pro\/fr\/wp-json\/wp\/v2\/media?parent=4064"}],"curies":[{"name":"wp","href":"https:\/\/api.w.org\/{rel}","templated":true}]}}