{"id":4065,"date":"2023-12-05T18:43:47","date_gmt":"2023-12-05T17:43:47","guid":{"rendered":"https:\/\/rrstudio.pro\/accueil\/"},"modified":"2023-12-15T13:33:54","modified_gmt":"2023-12-15T12:33:54","slug":"accueil","status":"publish","type":"page","link":"https:\/\/rrstudio.pro\/fr\/","title":{"rendered":"Accueil"},"content":{"rendered":"\t\t<div data-elementor-type=\"wp-page\" data-elementor-id=\"4065\" class=\"elementor elementor-4065 elementor-227\" data-elementor-post-type=\"page\">\n\t\t\t\t<div class=\"elementor-element elementor-element-92669e6 e-con-full e-flex e-con e-parent\" data-id=\"92669e6\" data-element_type=\"container\">\n\t\t<div class=\"elementor-element elementor-element-107a81f e-con-full e-flex e-con e-child\" data-id=\"107a81f\" data-element_type=\"container\">\n\t\t\t\t<div class=\"elementor-element elementor-element-773473e elementor-widget elementor-widget-bauen-banner-slider\" data-id=\"773473e\" data-element_type=\"widget\" data-widget_type=\"bauen-banner-slider.default\">\n\t\t\t\t<div class=\"elementor-widget-container\">\n\t\t\t\t\t\t\t\n\t\t\n\t\t<header class=\"header main-slider  bn-intro-type-slider \" data-scroll-index=\"0\">\n        <div class=\"owl-carousel owl-theme\" data-carousel-autoplay=\"true\" data-carousel-speed=\"2000\" data-carousel-timeout=\"6000\" data-carousel-nav=\"true\" data-rtl=\"false\" data-loop=\"true\"> \n            <!-- The opacity on the image is made with \"data-overlay-dark=\"number\". You can change it using the numbers 0-9. -->\n            \t\t\t\t\t\t<div class=\"item bg-img bg-img-c\" data-overlay-dark=\"4\" data-background=\"https:\/\/rrstudio.pro\/wp-content\/uploads\/2023\/12\/simulazione-da-sud.jpg\" data-position=\"\">\n\t\t\t                <div class=\"v-middle caption mt-30\">\n                    <div class=\"container\">\n                        <div class=\"row\">\n                            <div class=\"col-md-7 offset-md-2 col-md-7 offset-md-2 \">\n\t\t\t\t\t\t\t<div class=\"o-hidden\">\n                                <h1 class=\"bn-slider-title-class\">\n\t\t\t\t\t\t\t\t\t\t\t\t\t\t\t\t\t\tLaveno Mombello Villa Bf\t\t\t\t\t\t\t\t\t\t\t\t\t\t\t\t\t<\/h1>\n\t\t\t\t\t\t\t\t                                <p>Le projet concerne la d\u00e9molition et la reconstruction avec extension d'une maison rustique \u00e0 Laveno Mombello (VA), situ\u00e9e sur un grand terrain en position panoramique sur le lac Majeur.<\/p> \n\t\t\t\t\t\t\t\t\t\t\t\t\t\t\t\t                                <div class=\"butn-light mt-30 mb-30\"><a href=\"\/fr\/le-portefeuille\/\" target=\"_self\"  rel=\"noopener noreferrer\"><span>Le portefeuille<\/span><\/a><\/div>\n\t\t\t\t\t\t\t\t                            <\/div>\n                            <\/div>\n                        <\/div>\n                    <\/div>\n                <\/div>\n            <\/div>\n\t\t\t\t\t\t\t\t\t<div class=\"item bg-img bg-img-c\" data-overlay-dark=\"4\" data-background=\"https:\/\/rrstudio.pro\/wp-content\/uploads\/2023\/12\/vista-da-piscina-1.jpg\" data-position=\"\">\n\t\t\t                <div class=\"v-middle caption mt-30\">\n                    <div class=\"container\">\n                        <div class=\"row\">\n                            <div class=\"col-md-7 offset-md-2 col-md-7 offset-md-5 text-right\">\n\t\t\t\t\t\t\t<div class=\"o-hidden\">\n                                <h1 class=\"bn-slider-title-class\">\n\t\t\t\t\t\t\t\t\t\t\t\t\t\t\t\t\t\tLaveno Mombello Villas Mf\t\t\t\t\t\t\t\t\t\t\t\t\t\t\t\t\t<\/h1>\n\t\t\t\t\t\t\t\t                                <p>Le projet concerne la d\u00e9molition et la reconstruction avec extension de deux villas reli\u00e9es par un portique, situ\u00e9es directement sur le lac Majeur \u00e0 Laveno Mombello (VA).<\/p> \n\t\t\t\t\t\t\t\t\t\t\t\t\t\t\t\t                                <div class=\"butn-light mt-30 mb-30\"><a href=\"\/fr\/le-portefeuille\/\" target=\"_self\"  rel=\"noopener noreferrer\"><span>Le portefeuille<\/span><\/a><\/div>\n\t\t\t\t\t\t\t\t                            <\/div>\n                            <\/div>\n                        <\/div>\n                    <\/div>\n                <\/div>\n            <\/div>\n\t\t\t\t\t\t\t\t\t<div class=\"item bg-img bg-img-c\" data-overlay-dark=\"6\" data-background=\"https:\/\/rrstudio.pro\/wp-content\/uploads\/2023\/12\/render-piscina-aggiornato-21-feb.jpg\" data-position=\"\">\n\t\t\t                <div class=\"v-middle caption mt-30\">\n                    <div class=\"container\">\n                        <div class=\"row\">\n                            <div class=\"col-md-7 offset-md-2 col-md-7 offset-md-2 \">\n\t\t\t\t\t\t\t<div class=\"o-hidden\">\n                                <h1 class=\"bn-slider-title-class\">\n\t\t\t\t\t\t\t\t\t\t\t\t\t\t\t\t\t\tLaveno Mombello Villa As\t\t\t\t\t\t\t\t\t\t\t\t\t\t\t\t\t<\/h1>\n\t\t\t\t\t\t\t\t                                <p>Le b\u00e2timent existant des ann\u00e9es 1950 fera place \u00e0 une nouvelle villa avec piscine (piscine \u00e0 d\u00e9bordement) construite dans un style plus moderne que la maison qui sera d\u00e9molie.<\/p> \n\t\t\t\t\t\t\t\t\t\t\t\t\t\t\t\t                                <div class=\"butn-light mt-30 mb-30\"><a href=\"\/fr\/le-portefeuille\/\" target=\"_self\"  rel=\"noopener noreferrer\"><span>Le portefeuille<\/span><\/a><\/div>\n\t\t\t\t\t\t\t\t                            <\/div>\n                            <\/div>\n                        <\/div>\n                    <\/div>\n                <\/div>\n            <\/div>\n\t\t\t\t\t\t\t\t\t<div class=\"item bg-img bg-img-c\" data-overlay-dark=\"4\" data-background=\"https:\/\/rrstudio.pro\/wp-content\/uploads\/2023\/12\/vista-render-2.jpg\" data-position=\"\">\n\t\t\t                <div class=\"v-middle caption mt-30\">\n                    <div class=\"container\">\n                        <div class=\"row\">\n                            <div class=\"col-md-7 offset-md-2 col-md-7 offset-md-5 text-right\">\n\t\t\t\t\t\t\t<div class=\"o-hidden\">\n                                <h1 class=\"bn-slider-title-class\">\n\t\t\t\t\t\t\t\t\t\t\t\t\t\t\t\t\t\tLeggiuno Villa Fg\t\t\t\t\t\t\t\t\t\t\t\t\t\t\t\t\t<\/h1>\n\t\t\t\t\t\t\t\t                                <p>La caract\u00e9ristique la plus importante de la propri\u00e9t\u00e9 est sa belle situation, avec une vue sur le bassin du lac Verbano.<\/p> \n\t\t\t\t\t\t\t\t\t\t\t\t\t\t\t\t                                <div class=\"butn-light mt-30 mb-30\"><a href=\"\/fr\/le-portefeuille\/\" target=\"_self\"  rel=\"noopener noreferrer\"><span>Le portefeuille<\/span><\/a><\/div>\n\t\t\t\t\t\t\t\t                            <\/div>\n                            <\/div>\n                        <\/div>\n                    <\/div>\n                <\/div>\n            <\/div>\n\t\t\t        <\/div>\n\t\t\t\t<div class=\"hero-corner\"><\/div>\n\t\t<div class=\"hero-corner3\"><\/div>\n\t\t\t\t\t\t\n    <\/header>\t\t\n\n        \t\t\t\t<\/div>\n\t\t\t\t<\/div>\n\t\t\t\t<\/div>\n\t\t\t\t<\/div>\n\t\t<div class=\"elementor-element elementor-element-29fb8d1 e-flex e-con-boxed e-con e-parent\" data-id=\"29fb8d1\" data-element_type=\"container\">\n\t\t\t\t\t<div class=\"e-con-inner\">\n\t\t<div class=\"elementor-element elementor-element-4430929 e-con-full e-flex e-con e-child\" data-id=\"4430929\" data-element_type=\"container\">\n\t\t<div class=\"elementor-element elementor-element-a016b72 e-con-full e-flex e-con e-child\" data-id=\"a016b72\" data-element_type=\"container\">\n\t\t\t\t<div class=\"elementor-element elementor-element-d581163 elementor-widget__width-inherit elementor-widget-tablet__width-inherit elementor-invisible elementor-widget elementor-widget-bauen-title\" data-id=\"d581163\" data-element_type=\"widget\" data-settings=\"{&quot;_animation&quot;:&quot;fadeInUp&quot;}\" data-widget_type=\"bauen-title.default\">\n\t\t\t\t<div class=\"elementor-widget-container\">\n\t\t\t\t\t\t\t\n\t\t\t\n\t\t\t\t\t\t<h2 class=\"section-title text-left\">Studio d'<span class=\"text-color-red\"> architecture <\/span> <\/h2>\n\t\t\t\t\n\t\t\t\t\n        \n\t\t\t\n        \t\t\t\t<\/div>\n\t\t\t\t<\/div>\n\t\t\t\t<div class=\"elementor-element elementor-element-9a8f05d elementor-invisible elementor-widget elementor-widget-text-editor\" data-id=\"9a8f05d\" data-element_type=\"widget\" data-settings=\"{&quot;_animation&quot;:&quot;fadeInUp&quot;,&quot;_animation_delay&quot;:200}\" data-widget_type=\"text-editor.default\">\n\t\t\t\t<div class=\"elementor-widget-container\">\n\t\t\t\t\t\t\t\t\t<p><strong>RR<\/strong> Studio, fond\u00e9 en 1998 par l&#8217;architecte Roberto Rattaggi, est un <strong>bureau d&#8217;architecture<\/strong> situ\u00e9 \u00e0 Leggiuno (VA), sur le lac Majeur. Sp\u00e9cialis\u00e9 dans la <strong>conception architecturale<\/strong> de villas et de projets r\u00e9sidentiels et commerciaux. D\u00e9couvrez nos r\u00e9alisations les plus r\u00e9centes et les plus importantes dans le cadre magnifique du <strong>lac Majeur<\/strong>.<\/p>\n\t\t\t\t\t\t\t\t<\/div>\n\t\t\t\t<\/div>\n\t\t\t\t<\/div>\n\t\t\t\t<div class=\"elementor-element elementor-element-9bf59c9 elementor-widget__width-initial elementor-widget-mobile__width-inherit elementor-invisible elementor-widget elementor-widget-bauen-image\" data-id=\"9bf59c9\" data-element_type=\"widget\" data-settings=\"{&quot;_animation&quot;:&quot;fadeInUp&quot;}\" data-widget_type=\"bauen-image.default\">\n\t\t\t\t<div class=\"elementor-widget-container\">\n\t\t\t\t\t\t\t\n\t\t\t\n\t\t\n\t\t\t<div class=\"about\">\n\t\t\t\t<div class=\"about-img\">\n\t\t\t\t\t\t\t\t\n\t\t\t\t\t<div class=\"img\"> <img decoding=\"async\" src=\"https:\/\/rrstudio.pro\/wp-content\/uploads\/2021\/10\/7.jpg\" class=\"img-fluid\" alt=\"\"> <\/div>\n\t\t\t\t\t\t\t\t\t\t\n\t\t\t\t\t\t\t\t\t\t<div class=\"about-img-2 about-buro\">RR Studio<\/div>\n\t\t\t\t\t\t\t\t\t<\/div>\t\t\n\t\t\t<\/div>\t\n\n\t    \t\t\t\n\t\t\n\t\t\t\n        \t\t\t\t<\/div>\n\t\t\t\t<\/div>\n\t\t\t\t<\/div>\n\t\t\t\t\t<\/div>\n\t\t\t\t<\/div>\n\t\t<div class=\"elementor-element elementor-element-10de5aa e-flex e-con-boxed e-con e-parent\" data-id=\"10de5aa\" data-element_type=\"container\">\n\t\t\t\t\t<div class=\"e-con-inner\">\n\t\t<div class=\"elementor-element elementor-element-3d038e6 e-con-full e-flex e-con e-child\" data-id=\"3d038e6\" data-element_type=\"container\">\n\t\t\t\t<div class=\"elementor-element elementor-element-47d6a6f elementor-widget elementor-widget-bauen-title\" data-id=\"47d6a6f\" data-element_type=\"widget\" data-widget_type=\"bauen-title.default\">\n\t\t\t\t<div class=\"elementor-widget-container\">\n\t\t\t\t\t\t\t\n\t\t\t\n\t\t\t\t\t\t<h2 class=\"section-title text-left\">Quelques <span class=\"text-color-red\"> projets <\/span> <\/h2>\n\t\t\t\t\n\t\t\t\t\n        \n\t\t\t\n        \t\t\t\t<\/div>\n\t\t\t\t<\/div>\n\t\t\t\t<div class=\"elementor-element elementor-element-a966ffa elementor-widget elementor-widget-bauen-portfolio-carousel\" data-id=\"a966ffa\" data-element_type=\"widget\" data-widget_type=\"bauen-portfolio-carousel.default\">\n\t\t\t\t<div class=\"elementor-widget-container\">\n\t\t\t\t\t\n\t\t<div class=\"sec-portfolio projects\">\n            <div class=\"owl-carousel owl-theme\" data-projects-autoplay=\"true\" data-projects-speed=\"2000\" data-projects-nav=\"true\" data-projects-dots=\"true\" data-post-item=\"3\" data-bn-car-loop=\"true\" data-projects-autoplay-timeout=\"3000\" data-carousel-dots-desktop=\"true\" data-rtl=\"false\">\t\t\t\t\n\t\t\t\t<a href=\"https:\/\/rrstudio.pro\/fr\/portfolio\/leggiuno-villa-fg\/\" class=\"position-re-block\">\t\t\n\t\t\t\t    <div class=\"item\">\t\t\t\t    \n\t\t\t\t\t\t\t\t\t\t\t\t<div class=\"position-re position-re-order-carousel o-hidden\">\n\t\t\t\t\t\t\t<div class=\"cd-pt-ab\">\n\t\t\t\t\t\t\t<img decoding=\"async\" src=\"https:\/\/rrstudio.pro\/wp-content\/uploads\/2023\/12\/vista-render-2.jpg\" alt=\"Leggiuno Villa Fg\">\n\t\t\t\t\t\t\t<\/div>\n\t\t\t\t\t\t<\/div>\n\t\t\t\t\t\t\t\t\t\t\t\t\n\t\t\t\t\t\t<div class=\"con overlay-full-auto\">\n\t\t\t\t\t\t\t<h6 class=\"category\"><\/h6>\n\t\t\t\t\t\t\t<h5 class=\"title bn-post-title-grid\">Leggiuno Villa Fg<\/h5>\n\t\t\t\t\t\t\t<div class=\"line\"><\/div> \n\t\t\t\t\t\t\t\t\n\t\t\t\t\t\t\t\t<i class=\"ti-arrow-right\"><\/i>\n\t\t\t\t\t\t\t\t\t\t\t\t\t\t\n\t\t\t\t\t\t<\/div>\t\t\t\t\t\n\t\t\t\t    <\/div>\t\n\t\t\t\t<\/a> \t\t\n\t\t\t\t<a href=\"https:\/\/rrstudio.pro\/fr\/portfolio\/laveno-mombello-villa-bf\/\" class=\"position-re-block\">\t\t\n\t\t\t\t    <div class=\"item\">\t\t\t\t    \n\t\t\t\t\t\t\t\t\t\t\t\t<div class=\"position-re position-re-order-carousel o-hidden\">\n\t\t\t\t\t\t\t<div class=\"cd-pt-ab\">\n\t\t\t\t\t\t\t<img decoding=\"async\" src=\"https:\/\/rrstudio.pro\/wp-content\/uploads\/2023\/12\/serale.jpg\" alt=\"Laveno Mombello Villa Bf\">\n\t\t\t\t\t\t\t<\/div>\n\t\t\t\t\t\t<\/div>\n\t\t\t\t\t\t\t\t\t\t\t\t\n\t\t\t\t\t\t<div class=\"con overlay-full-auto\">\n\t\t\t\t\t\t\t<h6 class=\"category\"><\/h6>\n\t\t\t\t\t\t\t<h5 class=\"title bn-post-title-grid\">Laveno Mombello Villa Bf<\/h5>\n\t\t\t\t\t\t\t<div class=\"line\"><\/div> \n\t\t\t\t\t\t\t\t\n\t\t\t\t\t\t\t\t<i class=\"ti-arrow-right\"><\/i>\n\t\t\t\t\t\t\t\t\t\t\t\t\t\t\n\t\t\t\t\t\t<\/div>\t\t\t\t\t\n\t\t\t\t    <\/div>\t\n\t\t\t\t<\/a> \t\t\n\t\t\t\t<a href=\"https:\/\/rrstudio.pro\/fr\/portfolio\/laveno-mombello-villas-mf\/\" class=\"position-re-block\">\t\t\n\t\t\t\t    <div class=\"item\">\t\t\t\t    \n\t\t\t\t\t\t\t\t\t\t\t\t<div class=\"position-re position-re-order-carousel o-hidden\">\n\t\t\t\t\t\t\t<div class=\"cd-pt-ab\">\n\t\t\t\t\t\t\t<img decoding=\"async\" src=\"https:\/\/rrstudio.pro\/wp-content\/uploads\/2023\/12\/vista-da-pergola-piscina.jpg\" alt=\"Laveno Mombello Villas Mf\">\n\t\t\t\t\t\t\t<\/div>\n\t\t\t\t\t\t<\/div>\n\t\t\t\t\t\t\t\t\t\t\t\t\n\t\t\t\t\t\t<div class=\"con overlay-full-auto\">\n\t\t\t\t\t\t\t<h6 class=\"category\"><\/h6>\n\t\t\t\t\t\t\t<h5 class=\"title bn-post-title-grid\">Laveno Mombello Villas Mf<\/h5>\n\t\t\t\t\t\t\t<div class=\"line\"><\/div> \n\t\t\t\t\t\t\t\t\n\t\t\t\t\t\t\t\t<i class=\"ti-arrow-right\"><\/i>\n\t\t\t\t\t\t\t\t\t\t\t\t\t\t\n\t\t\t\t\t\t<\/div>\t\t\t\t\t\n\t\t\t\t    <\/div>\t\n\t\t\t\t<\/a> \t\t\n\t\t\t\t<a href=\"https:\/\/rrstudio.pro\/fr\/portfolio\/laveno-mombello-villa-as\/\" class=\"position-re-block\">\t\t\n\t\t\t\t    <div class=\"item\">\t\t\t\t    \n\t\t\t\t\t\t\t\t\t\t\t\t<div class=\"position-re position-re-order-carousel o-hidden\">\n\t\t\t\t\t\t\t<div class=\"cd-pt-ab\">\n\t\t\t\t\t\t\t<img decoding=\"async\" src=\"https:\/\/rrstudio.pro\/wp-content\/uploads\/2023\/12\/fotoinserimento-2-schiarito.jpg\" alt=\"Laveno Mombello Villa As\">\n\t\t\t\t\t\t\t<\/div>\n\t\t\t\t\t\t<\/div>\n\t\t\t\t\t\t\t\t\t\t\t\t\n\t\t\t\t\t\t<div class=\"con overlay-full-auto\">\n\t\t\t\t\t\t\t<h6 class=\"category\"><\/h6>\n\t\t\t\t\t\t\t<h5 class=\"title bn-post-title-grid\">Laveno Mombello Villa As<\/h5>\n\t\t\t\t\t\t\t<div class=\"line\"><\/div> \n\t\t\t\t\t\t\t\t\n\t\t\t\t\t\t\t\t<i class=\"ti-arrow-right\"><\/i>\n\t\t\t\t\t\t\t\t\t\t\t\t\t\t\n\t\t\t\t\t\t<\/div>\t\t\t\t\t\n\t\t\t\t    <\/div>\t\n\t\t\t\t<\/a> \t\t\n\t\t\t\t<a href=\"https:\/\/rrstudio.pro\/fr\/portfolio\/ispra-villa-vg2\/\" class=\"position-re-block\">\t\t\n\t\t\t\t    <div class=\"item\">\t\t\t\t    \n\t\t\t\t\t\t\t\t\t\t\t\t<div class=\"position-re position-re-order-carousel o-hidden\">\n\t\t\t\t\t\t\t<div class=\"cd-pt-ab\">\n\t\t\t\t\t\t\t<img decoding=\"async\" src=\"https:\/\/rrstudio.pro\/wp-content\/uploads\/2023\/12\/img_7043.jpg\" alt=\"Ispra Villa Vg2\">\n\t\t\t\t\t\t\t<\/div>\n\t\t\t\t\t\t<\/div>\n\t\t\t\t\t\t\t\t\t\t\t\t\n\t\t\t\t\t\t<div class=\"con overlay-full-auto\">\n\t\t\t\t\t\t\t<h6 class=\"category\"><\/h6>\n\t\t\t\t\t\t\t<h5 class=\"title bn-post-title-grid\">Ispra Villa Vg2<\/h5>\n\t\t\t\t\t\t\t<div class=\"line\"><\/div> \n\t\t\t\t\t\t\t\t\n\t\t\t\t\t\t\t\t<i class=\"ti-arrow-right\"><\/i>\n\t\t\t\t\t\t\t\t\t\t\t\t\t\t\n\t\t\t\t\t\t<\/div>\t\t\t\t\t\n\t\t\t\t    <\/div>\t\n\t\t\t\t<\/a> \t\t\n\t\t\t\t<a href=\"https:\/\/rrstudio.pro\/fr\/portfolio\/ispra-villa-vg\/\" class=\"position-re-block\">\t\t\n\t\t\t\t    <div class=\"item\">\t\t\t\t    \n\t\t\t\t\t\t\t\t\t\t\t\t<div class=\"position-re position-re-order-carousel o-hidden\">\n\t\t\t\t\t\t\t<div class=\"cd-pt-ab\">\n\t\t\t\t\t\t\t<img decoding=\"async\" src=\"https:\/\/rrstudio.pro\/wp-content\/uploads\/2023\/12\/080.jpg\" alt=\"Ispra Villa Vg\">\n\t\t\t\t\t\t\t<\/div>\n\t\t\t\t\t\t<\/div>\n\t\t\t\t\t\t\t\t\t\t\t\t\n\t\t\t\t\t\t<div class=\"con overlay-full-auto\">\n\t\t\t\t\t\t\t<h6 class=\"category\"><\/h6>\n\t\t\t\t\t\t\t<h5 class=\"title bn-post-title-grid\">Ispra Villa Vg<\/h5>\n\t\t\t\t\t\t\t<div class=\"line\"><\/div> \n\t\t\t\t\t\t\t\t\n\t\t\t\t\t\t\t\t<i class=\"ti-arrow-right\"><\/i>\n\t\t\t\t\t\t\t\t\t\t\t\t\t\t\n\t\t\t\t\t\t<\/div>\t\t\t\t\t\n\t\t\t\t    <\/div>\t\n\t\t\t\t<\/a> \t\t\n\t\t\t\t\t\t<\/div>\t\t\t\n\t\t<\/div>\n\t\t\n        \t\t\t\t<\/div>\n\t\t\t\t<\/div>\n\t\t\t\t<\/div>\n\t\t\t\t\t<\/div>\n\t\t\t\t<\/div>\n\t\t\t\t<\/div>\n\t\t","protected":false},"excerpt":{"rendered":"<p>Laveno Mombello Villa Bf Le projet concerne la d\u00e9molition et la reconstruction avec extension d&#8217;une maison rustique \u00e0 Laveno Mombello (VA), situ\u00e9e sur un grand terrain en position panoramique sur le lac Majeur. Le portefeuille Laveno Mombello Villas Mf Le projet concerne la d\u00e9molition et la reconstruction avec extension de deux villas reli\u00e9es par un portique, situ\u00e9es directement sur le&#8230;<\/p>\n","protected":false},"author":1,"featured_media":0,"parent":0,"menu_order":0,"comment_status":"closed","ping_status":"closed","template":"","meta":{"_acf_changed":false,"_seopress_robots_primary_cat":"","_seopress_titles_title":"","_seopress_titles_desc":"","_seopress_robots_index":"","footnotes":"","_links_to":"","_links_to_target":""},"class_list":["post-4065","page","type-page","status-publish"],"acf":[],"_links":{"self":[{"href":"https:\/\/rrstudio.pro\/fr\/wp-json\/wp\/v2\/pages\/4065","targetHints":{"allow":["GET"]}}],"collection":[{"href":"https:\/\/rrstudio.pro\/fr\/wp-json\/wp\/v2\/pages"}],"about":[{"href":"https:\/\/rrstudio.pro\/fr\/wp-json\/wp\/v2\/types\/page"}],"author":[{"embeddable":true,"href":"https:\/\/rrstudio.pro\/fr\/wp-json\/wp\/v2\/users\/1"}],"replies":[{"embeddable":true,"href":"https:\/\/rrstudio.pro\/fr\/wp-json\/wp\/v2\/comments?post=4065"}],"version-history":[{"count":8,"href":"https:\/\/rrstudio.pro\/fr\/wp-json\/wp\/v2\/pages\/4065\/revisions"}],"predecessor-version":[{"id":4524,"href":"https:\/\/rrstudio.pro\/fr\/wp-json\/wp\/v2\/pages\/4065\/revisions\/4524"}],"wp:attachment":[{"href":"https:\/\/rrstudio.pro\/fr\/wp-json\/wp\/v2\/media?parent=4065"}],"curies":[{"name":"wp","href":"https:\/\/api.w.org\/{rel}","templated":true}]}}